{"id":80,"date":"2016-03-07T14:11:52","date_gmt":"2016-03-07T14:11:52","guid":{"rendered":"http:\/\/37.120.167.27\/wordpress\/?page_id=80"},"modified":"2024-01-04T09:38:34","modified_gmt":"2024-01-04T09:38:34","slug":"dokumente","status":"publish","type":"page","link":"https:\/\/drachen-machen-sachen.de\/index.php\/mitgliedschaft-2\/dokumente\/","title":{"rendered":"Dokumente \/ Downloads"},"content":{"rendered":"<p>Sie wollen sich eingehend \u00fcber unseren Verein und seine Aktivit\u00e4ten informieren? Hier finden Sie ausf\u00fchrliche Informationen zum Download.<\/p>\n<h2>Protokolle der Mitgliederversammlungen<\/h2>\n<ul>\n<li><a href=\"https:\/\/drachen-machen-sachen.de\/wp-content\/uploads\/2023\/01\/Protokoll-JHV-2022-07.12.2022.pdf\">Protokoll der Mitgliederversammlung vom 07.12.2022<\/a><\/li>\n<li><a href=\"https:\/\/drachen-machen-sachen.de\/wp-content\/uploads\/2018\/11\/Protokoll-2016.docx\">Protokoll der <\/a><a href=\"https:\/\/drachen-machen-sachen.de\/wp-content\/uploads\/2018\/11\/Protokoll-der-Migliederversammlung-vom-27.11.2017.pdf\">Mitgliederversammlung vom 27.11.2017<\/a><\/li>\n<li><a href=\"https:\/\/drachen-machen-sachen.de\/wp-content\/uploads\/2018\/11\/Protokoll-2016.docx\">Protokoll der Mitgliederversammlung von 2016<\/a><\/li>\n<li><a href=\"https:\/\/drachen-machen-sachen.de\/wp-content\/uploads\/2016\/03\/Protokoll-der-Mitgliederversammlung-vom-01.10.2015.pdf\" rel=\"\">Protokoll der Mitgliederversammlung vom 01.10.2015<\/a><\/li>\n<li><a href=\"http:\/\/www.ggs-niederbachem.de\/doks\/protokoll-foerderverein-20141023.pdf\" target=\"_blank\" rel=\"noopener\">Protokoll der Mitgliederversammlung vom 23.10.2014<\/a><\/li>\n<li><a href=\"http:\/\/www.ggs-niederbachem.de\/doks\/protokoll-foerderverein-20131119.pdf\" target=\"_blank\" rel=\"noopener\">Protokoll der Mitgliederversammlung vom 19.11.2013<\/a><\/li>\n<\/ul>\n<ul>\n<li><a href=\"https:\/\/drachen-machen-sachen.de\/wp-content\/uploads\/2017\/03\/Satzung-2016-V-1.0-1.pdf\">Vereinssatzung<\/a><\/li>\n<li><a href=\"http:\/\/www.ggs-niederbachem.de\/doks\/einladung-foerderverein-rosenmontag-2015.pdf\" target=\"_blank\" rel=\"noopener\">Einladung zum Rosenmontagsumzug<\/a><\/li>\n<li><a href=\"https:\/\/drachen-machen-sachen.de\/wp-content\/uploads\/2024\/01\/2023-05-8-Flyer-FV-neu-Idee.pdf\" rel=\"\">Flyer mit Mitgliedschafts-Antrag<\/a><\/li>\n<\/ul>\n<div class=''><div class=\"fb-like\" data-href=\"https:\/\/drachen-machen-sachen.de\/index.php\/mitgliedschaft-2\/dokumente\/\" data-colorscheme=\"light\" data-width=\"\" data-kid-directed-site=\"\" data-layout=\"standard\" data-action=\"like\" data-show-faces=\"\" data-share=\"\" ><\/div><\/div>","protected":false},"excerpt":{"rendered":"<p>Sie wollen sich eingehend \u00fcber unseren Verein und seine Aktivit\u00e4ten informieren? Hier finden Sie ausf\u00fchrliche Informationen zum Download. Protokolle der Mitgliederversammlungen Protokoll der Mitgliederversammlung vom 07.12.2022 Protokoll der Mitgliederversammlung vom 27.11.2017 Protokoll der Mitgliederversammlung von 2016 Protokoll der Mitgliederversammlung vom &hellip; <a href=\"https:\/\/drachen-machen-sachen.de\/index.php\/mitgliedschaft-2\/dokumente\/\">Weiterlesen <span class=\"meta-nav\">&rarr;<\/span><\/a><\/p>\n","protected":false},"author":1,"featured_media":0,"parent":85,"menu_order":0,"comment_status":"closed","ping_status":"closed","template":"","meta":{"footnotes":""},"class_list":["post-80","page","type-page","status-publish","hentry"],"_links":{"self":[{"href":"https:\/\/drachen-machen-sachen.de\/index.php\/wp-json\/wp\/v2\/pages\/80","targetHints":{"allow":["GET"]}}],"collection":[{"href":"https:\/\/drachen-machen-sachen.de\/index.php\/wp-json\/wp\/v2\/pages"}],"about":[{"href":"https:\/\/drachen-machen-sachen.de\/index.php\/wp-json\/wp\/v2\/types\/page"}],"author":[{"embeddable":true,"href":"https:\/\/drachen-machen-sachen.de\/index.php\/wp-json\/wp\/v2\/users\/1"}],"replies":[{"embeddable":true,"href":"https:\/\/drachen-machen-sachen.de\/index.php\/wp-json\/wp\/v2\/comments?post=80"}],"version-history":[{"count":12,"href":"https:\/\/drachen-machen-sachen.de\/index.php\/wp-json\/wp\/v2\/pages\/80\/revisions"}],"predecessor-version":[{"id":1065,"href":"https:\/\/drachen-machen-sachen.de\/index.php\/wp-json\/wp\/v2\/pages\/80\/revisions\/1065"}],"up":[{"embeddable":true,"href":"https:\/\/drachen-machen-sachen.de\/index.php\/wp-json\/wp\/v2\/pages\/85"}],"wp:attachment":[{"href":"https:\/\/drachen-machen-sachen.de\/index.php\/wp-json\/wp\/v2\/media?parent=80"}],"curies":[{"name":"wp","href":"https:\/\/api.w.org\/{rel}","templated":true}]}}